{"id":681,"date":"2023-05-29T12:39:08","date_gmt":"2023-05-29T12:39:08","guid":{"rendered":"https:\/\/smile.edu.rs\/blog\/?page_id=681"},"modified":"2023-06-14T12:09:44","modified_gmt":"2023-06-14T12:09:44","slug":"kako-da-pratite-aktivnost-vase-dece-na-internetu","status":"publish","type":"page","link":"https:\/\/smile.edu.rs\/blog\/kako-da-pratite-aktivnost-vase-dece-na-internetu\/","title":{"rendered":"Kako da pratite aktivnost vase dece na internetu"},"content":{"rendered":"\t\t<div data-elementor-type=\"wp-page\" data-elementor-id=\"681\" class=\"elementor elementor-681\">\n\t\t\t\t\t\t\t\t\t<section class=\"elementor-section elementor-top-section elementor-element elementor-element-f3016c7 elementor-section-full_width prirucnik elementor-section-height-full elementor-section-height-default elementor-section-items-middle\" data-id=\"f3016c7\" data-element_type=\"section\" data-settings=\"{&quot;background_background&quot;:&quot;gradient&quot;}\">\n\t\t\t\t\t\t<div class=\"elementor-container elementor-column-gap-default\">\n\t\t\t\t\t<div class=\"elementor-column elementor-col-100 elementor-top-column elementor-element elementor-element-0893d30\" data-id=\"0893d30\" data-element_type=\"column\">\n\t\t\t<div class=\"elementor-widget-wrap elementor-element-populated\">\n\t\t\t\t\t\t\t\t<section class=\"elementor-section elementor-inner-section elementor-element elementor-element-7a4ac83 elementor-section-boxed elementor-section-height-default elementor-section-height-default\" data-id=\"7a4ac83\" data-element_type=\"section\">\n\t\t\t\t\t\t<div class=\"elementor-container elementor-column-gap-default\">\n\t\t\t\t\t<div class=\"elementor-column elementor-col-50 elementor-inner-column elementor-element elementor-element-960a677\" data-id=\"960a677\" data-element_type=\"column\">\n\t\t\t<div class=\"elementor-widget-wrap elementor-element-populated\">\n\t\t\t\t\t\t\t\t<div class=\"elementor-element elementor-element-30fe1e7 elementor-widget elementor-widget-image\" data-id=\"30fe1e7\" data-element_type=\"widget\" data-widget_type=\"image.default\">\n\t\t\t\t<div class=\"elementor-widget-container\">\n\t\t\t<style>\/*! elementor - v3.13.3 - 28-05-2023 *\/\n.elementor-widget-image{text-align:center}.elementor-widget-image a{display:inline-block}.elementor-widget-image a img[src$=\".svg\"]{width:48px}.elementor-widget-image img{vertical-align:middle;display:inline-block}<\/style>\t\t\t\t\t\t\t\t\t\t\t\t<img loading=\"lazy\" decoding=\"async\" width=\"700\" height=\"947\" src=\"https:\/\/smile.edu.rs\/blog\/wp-content\/uploads\/2023\/05\/Prirucnik-za-roditelje-2-757x1024.jpg\" class=\"attachment-large size-large wp-image-719\" alt=\"\" srcset=\"https:\/\/smile.edu.rs\/blog\/wp-content\/uploads\/2023\/05\/Prirucnik-za-roditelje-2-757x1024.jpg 757w, https:\/\/smile.edu.rs\/blog\/wp-content\/uploads\/2023\/05\/Prirucnik-za-roditelje-2-166x225.jpg 166w, https:\/\/smile.edu.rs\/blog\/wp-content\/uploads\/2023\/05\/Prirucnik-za-roditelje-2-768x1038.jpg 768w, https:\/\/smile.edu.rs\/blog\/wp-content\/uploads\/2023\/05\/Prirucnik-za-roditelje-2-1136x1536.jpg 1136w, https:\/\/smile.edu.rs\/blog\/wp-content\/uploads\/2023\/05\/Prirucnik-za-roditelje-2-300x406.jpg 300w, https:\/\/smile.edu.rs\/blog\/wp-content\/uploads\/2023\/05\/Prirucnik-za-roditelje-2.jpg 1420w\" sizes=\"auto, (max-width: 700px) 100vw, 700px\" \/>\t\t\t\t\t\t\t\t\t\t\t\t\t\t\t<\/div>\n\t\t\t\t<\/div>\n\t\t\t\t\t<\/div>\n\t\t<\/div>\n\t\t\t\t<div class=\"elementor-column elementor-col-50 elementor-inner-column elementor-element elementor-element-a1fadf7\" data-id=\"a1fadf7\" data-element_type=\"column\">\n\t\t\t<div class=\"elementor-widget-wrap elementor-element-populated\">\n\t\t\t\t\t\t\t\t<div class=\"elementor-element elementor-element-3ed97c0 elementor-widget elementor-widget-text-editor\" data-id=\"3ed97c0\" data-element_type=\"widget\" data-widget_type=\"text-editor.default\">\n\t\t\t\t<div class=\"elementor-widget-container\">\n\t\t\t<style>\/*! elementor - v3.13.3 - 28-05-2023 *\/\n.elementor-widget-text-editor.elementor-drop-cap-view-stacked .elementor-drop-cap{background-color:#69727d;color:#fff}.elementor-widget-text-editor.elementor-drop-cap-view-framed .elementor-drop-cap{color:#69727d;border:3px solid;background-color:transparent}.elementor-widget-text-editor:not(.elementor-drop-cap-view-default) .elementor-drop-cap{margin-top:8px}.elementor-widget-text-editor:not(.elementor-drop-cap-view-default) .elementor-drop-cap-letter{width:1em;height:1em}.elementor-widget-text-editor .elementor-drop-cap{float:left;text-align:center;line-height:1;font-size:50px}.elementor-widget-text-editor .elementor-drop-cap-letter{display:inline-block}<\/style>\t\t\t\t<p><strong>BESPLATNO PREUZMITE SVOJ PRIMERAK<\/strong><\/p>\t\t\t\t\t\t<\/div>\n\t\t\t\t<\/div>\n\t\t\t\t<div class=\"elementor-element elementor-element-6a918f5 elementor-widget elementor-widget-text-editor\" data-id=\"6a918f5\" data-element_type=\"widget\" data-widget_type=\"text-editor.default\">\n\t\t\t\t<div class=\"elementor-widget-container\">\n\t\t\t\t\t\t\t<p><span style=\"color: #ffffff;\">Nakon \u0161to ste kliknuli dugme preuzmi, <span style=\"text-decoration: underline; color: #fec103;\">proverite<\/span> Va\u0161e email sandu\u010de i spam folder.<\/span><\/p>\t\t\t\t\t\t<\/div>\n\t\t\t\t<\/div>\n\t\t\t\t<div class=\"elementor-element elementor-element-ecafecf elementor-widget elementor-widget-text-editor\" data-id=\"ecafecf\" data-element_type=\"widget\" data-widget_type=\"text-editor.default\">\n\t\t\t\t<div class=\"elementor-widget-container\">\n\t\t\t\t\t\t\t\n<div class=\"wpcf7 no-js\" id=\"wpcf7-f183-o1\" lang=\"en-US\" dir=\"ltr\">\n<div class=\"screen-reader-response\"><p role=\"status\" aria-live=\"polite\" aria-atomic=\"true\"><\/p> <ul><\/ul><\/div>\n<form action=\"\/blog\/wp-json\/wp\/v2\/pages\/681#wpcf7-f183-o1\" method=\"post\" class=\"wpcf7-form init cfPrirucnik\" aria-label=\"Contact form\" novalidate=\"novalidate\" data-status=\"init\">\n<div style=\"display: none;\">\n<input type=\"hidden\" name=\"_wpcf7\" value=\"183\" \/>\n<input type=\"hidden\" name=\"_wpcf7_version\" value=\"5.7.7\" \/>\n<input type=\"hidden\" name=\"_wpcf7_locale\" value=\"en_US\" \/>\n<input type=\"hidden\" name=\"_wpcf7_unit_tag\" value=\"wpcf7-f183-o1\" \/>\n<input type=\"hidden\" name=\"_wpcf7_container_post\" value=\"0\" \/>\n<input type=\"hidden\" name=\"_wpcf7_posted_data_hash\" value=\"\" \/>\n<\/div>\n<p class=\"cfLab\"><label><strong> IME I PREZIME <\/strong><br \/>\n<span class=\"wpcf7-form-control-wrap\" data-name=\"your-name\"><input size=\"40\" class=\"wpcf7-form-control wpcf7-text wpcf7-validates-as-required\" aria-required=\"true\" aria-invalid=\"false\" value=\"\" type=\"text\" name=\"your-name\" \/><\/span> <\/label>\n<\/p>\n<p class=\"cfLab\"><label><strong> EMAIL <\/strong><br \/>\n<span class=\"wpcf7-form-control-wrap\" data-name=\"your-email\"><input size=\"40\" class=\"wpcf7-form-control wpcf7-text wpcf7-email wpcf7-validates-as-required wpcf7-validates-as-email\" aria-required=\"true\" aria-invalid=\"false\" value=\"\" type=\"email\" name=\"your-email\" \/><\/span> <\/label>\n<\/p>\n<p class=\"btnSubmit\"><input class=\"wpcf7-form-control has-spinner wpcf7-submit\" type=\"submit\" value=\"PREUZMI\" \/>\n<\/p>\n<p><script>\n\tvar wpcf7Elm = document.querySelector( '.wpcf7' );\n\twpcf7Elm.addEventListener( 'wpcf7mailsent', function( event ) {\n\t\twindow.location.href = 'https:\/\/smile.edu.rs\/blog\/kako-da-pratite-aktivnost-vase-dece-na-internetu-poslat-mail\/';\n\t}, false );\n<\/script>\n<\/p><div class=\"wpcf7-response-output\" aria-hidden=\"true\"><\/div>\n<\/form>\n<\/div>\n\t\t\t\t\t\t<\/div>\n\t\t\t\t<\/div>\n\t\t\t\t\t<\/div>\n\t\t<\/div>\n\t\t\t\t\t\t\t<\/div>\n\t\t<\/section>\n\t\t\t\t\t<\/div>\n\t\t<\/div>\n\t\t\t\t\t\t\t<\/div>\n\t\t<\/section>\n\t\t\t\t\t\t\t<\/div>\n\t\t","protected":false},"excerpt":{"rendered":"<p>BESPLATNO PREUZMITE SVOJ PRIMERAK Nakon \u0161to ste kliknuli dugme preuzmi, proverite Va\u0161e email sandu\u010de i spam folder.<\/p>\n","protected":false},"author":1,"featured_media":0,"parent":0,"menu_order":0,"comment_status":"closed","ping_status":"closed","template":"elementor_canvas","meta":{"footnotes":""},"class_list":["post-681","page","type-page","status-publish","hentry"],"_links":{"self":[{"href":"https:\/\/smile.edu.rs\/blog\/wp-json\/wp\/v2\/pages\/681","targetHints":{"allow":["GET"]}}],"collection":[{"href":"https:\/\/smile.edu.rs\/blog\/wp-json\/wp\/v2\/pages"}],"about":[{"href":"https:\/\/smile.edu.rs\/blog\/wp-json\/wp\/v2\/types\/page"}],"author":[{"embeddable":true,"href":"https:\/\/smile.edu.rs\/blog\/wp-json\/wp\/v2\/users\/1"}],"replies":[{"embeddable":true,"href":"https:\/\/smile.edu.rs\/blog\/wp-json\/wp\/v2\/comments?post=681"}],"version-history":[{"count":64,"href":"https:\/\/smile.edu.rs\/blog\/wp-json\/wp\/v2\/pages\/681\/revisions"}],"predecessor-version":[{"id":999,"href":"https:\/\/smile.edu.rs\/blog\/wp-json\/wp\/v2\/pages\/681\/revisions\/999"}],"wp:attachment":[{"href":"https:\/\/smile.edu.rs\/blog\/wp-json\/wp\/v2\/media?parent=681"}],"curies":[{"name":"wp","href":"https:\/\/api.w.org\/{rel}","templated":true}]}}